{"id":2157,"date":"2025-11-30T13:40:39","date_gmt":"2025-11-30T10:40:39","guid":{"rendered":"https:\/\/astoryas.com\/?page_id=2157"},"modified":"2026-02-02T10:48:53","modified_gmt":"2026-02-02T07:48:53","slug":"fatura-bilgilerimiz","status":"publish","type":"page","link":"https:\/\/www.astoryas.com\/en\/fatura-bilgilerimiz\/","title":{"rendered":"Our Billing Information"},"content":{"rendered":"<div data-elementor-type=\"wp-page\" data-elementor-id=\"2157\" class=\"elementor elementor-2157\">\n\t\t\t\t<div class=\"elementor-element elementor-element-c3cf7e1 e-flex e-con-boxed e-con e-parent\" data-id=\"c3cf7e1\" data-element_type=\"container\" data-e-type=\"container\">\n\t\t\t\t\t<div class=\"e-con-inner\">\n\t\t\t\t<div class=\"elementor-element elementor-element-06cc678 elementor-widget elementor-widget-text-editor\" data-id=\"06cc678\" data-element_type=\"widget\" data-e-type=\"widget\" data-widget_type=\"text-editor.default\">\n\t\t\t\t\t\t\t\t\t<style>\n  \/* --- GENEL AYARLAR --- *\/\n  .bank-page-container {\n    font-family: 'Inter', Helvetica, Arial, sans-serif;\n    line-height: 1.6;\n    color: #334155;\n    max-width: 1000px;\n    \n    \/* MASA\u00dcST\u00dc \u0130\u00c7\u0130N YUKARI \u00c7EKME AYARI *\/\n    margin: -10px auto 0 auto; \n    \n    padding: 20px;\n    padding-top: 0;\n  }\n\n  .bank-page-title {\n    font-family: 'Exo 2', sans-serif;\n    color: #0F1729;\n    font-size: 32px;\n    font-weight: 800;\n    text-align: center;\n    margin-bottom: 5px;\n    text-transform: uppercase;\n    letter-spacing: -0.5px;\n  }\n\n  .bank-last-update {\n    text-align: center;\n    color: #94a3b8;\n    font-size: 13px;\n    margin-bottom: 40px;\n    font-weight: 500;\n  }\n\n  .bank-section-title {\n    font-family: 'Exo 2', sans-serif;\n    color: #0F1729;\n    font-size: 20px;\n    font-weight: 700;\n    display: flex;\n    align-items: center;\n    gap: 10px;\n    margin-bottom: 20px;\n    padding-bottom: 10px;\n    border-bottom: 2px solid #e2e8f0;\n  }\n\n  .bank-section-title::before {\n    content: '';\n    display: block;\n    width: 6px;\n    height: 24px;\n    background: #FF4A00; \/* Astoryas Turuncusu *\/\n    border-radius: 2px;\n  }\n\n  \/* --- CAR\u0130 B\u0130LG\u0130LER TABLOSU --- *\/\n  .corporate-info-box {\n    background: #fff;\n    border: 1px solid #e2e8f0;\n    border-radius: 12px;\n    padding: 0;\n    overflow: hidden;\n    box-shadow: 0 4px 6px -1px rgba(0, 0, 0, 0.05);\n    margin-bottom: 50px;\n  }\n\n  .corp-table {\n    width: 100%;\n    border-collapse: collapse;\n    table-layout: fixed; \/* Mobilde ta\u015fmay\u0131 \u00f6nler *\/\n  }\n\n  .corp-table tr {\n    border-bottom: 1px solid #f1f5f9;\n  }\n  .corp-table tr:last-child { border-bottom: none; }\n  .corp-table tr:hover { background-color: #f8fafc; }\n\n  .corp-label {\n    width: 30%;\n    background-color: #f8fafc;\n    padding: 15px 20px;\n    font-weight: 700;\n    color: #475569;\n    font-size: 14px;\n    border-right: 1px solid #f1f5f9;\n    vertical-align: top;\n  }\n\n  .corp-value {\n    padding: 15px 20px;\n    color: #0F1729;\n    font-weight: 600;\n    font-size: 15px;\n    word-wrap: break-word; \/* Uzun adreslerin ta\u015fmas\u0131n\u0131 \u00f6nler *\/\n  }\n\n  \/* --- BANKA KARTLARI --- *\/\n  .bank-grid {\n    display: flex;\n    flex-wrap: wrap;\n    gap: 25px;\n  }\n\n  .bank-card {\n    flex: 1;\n    min-width: 300px; \/* Kartlar\u0131n \u00e7ok k\u00fc\u00e7\u00fclmesini engeller *\/\n    background: #fff;\n    border: 1px solid #e2e8f0;\n    border-radius: 12px;\n    overflow: hidden;\n    transition: transform 0.3s, box-shadow 0.3s;\n    box-shadow: 0 4px 6px -1px rgba(0, 0, 0, 0.05);\n  }\n\n  .bank-card:hover {\n    transform: translateY(-5px);\n    box-shadow: 0 10px 15px -3px rgba(0, 0, 0, 0.1);\n    border-color: #FF4A00;\n  }\n\n  .bank-header {\n    background: #0F1729;\n    padding: 20px;\n    color: #ffffff !important;\n    display: flex;\n    justify-content: space-between;\n    align-items: center;\n  }\n\n  .bank-name {\n    font-family: 'Exo 2', sans-serif;\n    font-size: 18px;\n    font-weight: 700;\n    margin: 0;\n    color: #ffffff !important;\n  }\n\n  .bank-branch {\n    font-size: 12px;\n    opacity: 0.9;\n    text-align: right;\n    font-weight: 500;\n    color: #ffffff !important;\n  }\n\n  .bank-body { padding: 25px; }\n  .account-row { margin-bottom: 20px; }\n  .account-row:last-child { margin-bottom: 0; }\n\n  .currency-badge {\n    display: inline-block;\n    font-size: 11px;\n    font-weight: 800;\n    background: #fff1eb;\n    color: #FF4A00;\n    padding: 4px 8px;\n    border-radius: 4px;\n    margin-bottom: 6px;\n  }\n\n  .iban-number {\n    display: block;\n    font-family: 'Monaco', 'Courier New', monospace;\n    font-size: 16px;\n    font-weight: 700;\n    color: #334155;\n    letter-spacing: 0.5px;\n  }\n\n  \/* --- DEKONT KUTUSU --- *\/\n  .notice-box {\n    background: linear-gradient(to right, #f8fafc, #fff);\n    border: 1px solid #e2e8f0;\n    border-left: 5px solid #FF4A00;\n    padding: 25px;\n    margin-top: 40px;\n    border-radius: 8px;\n    display: flex;\n    align-items: center;\n    gap: 20px;\n  }\n  .notice-icon { font-size: 30px; }\n  .notice-content strong { color: #0F1729; display: block; margin-bottom: 5px; }\n  .notice-content a { color: #FF4A00; font-weight: 700; text-decoration: none; }\n  .notice-content a:hover { color: #0F1729; text-decoration: underline; }\n\n  \/* --- MOB\u0130L UYUMLULUK AYARLARI (RESPONSIVE) --- *\/\n  @media (max-width: 768px) {\n    .bank-page-container {\n      margin: 0 auto !important; \/* Mobilde negatif bo\u015flu\u011fu iptal et (S\u0131k\u0131\u015fmay\u0131 \u00f6nler) *\/\n      padding: 15px;\n    }\n    \n    .bank-page-title { font-size: 24px; } \/* Ba\u015fl\u0131\u011f\u0131 mobilde k\u00fc\u00e7\u00fclt *\/\n\n    .bank-grid { flex-direction: column; } \/* Kartlar\u0131 alt alta diz *\/\n    \n    .bank-card { \n      min-width: 100%; \/* Mobilde tam geni\u015flik yap *\/\n    }\n\n    .corp-label { \n      width: 35%; \n      padding: 10px; \n      font-size: 12px; \n      word-wrap: break-word;\n    }\n    \n    .corp-value { \n      padding: 10px; \n      font-size: 13px; \n    }\n    \n    .notice-box { \n      flex-direction: column; \n      text-align: center; \n      padding: 20px;\n    }\n    \n    .iban-number { font-size: 14px; } \/* IBAN mobilde s\u0131\u011fs\u0131n diye k\u00fc\u00e7\u00fclt *\/\n  }\n<\/style>\n\n<div class=\"bank-page-container\">\n\n  <h1 class=\"bank-page-title\">BANK AND CURRENT ACCOUNT INFORMATION<\/h1>\n  <p class=\"bank-last-update\">Last Update: 28.11.2023<\/p>\n\n  <p style=\"text-align: center; margin-bottom: 40px; font-size: 15px;\">\n    When making payments to the bank account numbers listed below, please include the following in the description section: \n    <strong style=\"color:#FF4A00;\">Invoice Number<\/strong> or \n    <strong style=\"color:#FF4A00;\">Your Company Name<\/strong> Providing this information is important for speeding up accounting processes.\n  <\/p>\n\n  <div class=\"bank-section-title\">1. Our Invoice \/ Account Information<\/div>\n  \n  <div class=\"corporate-info-box\">\n    <table class=\"corp-table\">\n      <tbody>\n        <tr>\n          <td class=\"corp-label\">Company Name<\/td>\n          <td class=\"corp-value\" style=\"font-weight: 800;\">\n            <span style=\"color: #FF4A00;\">ASTORYAS ROBOT TEKNOLOJ\u0130LER\u0130<\/span> \n            <span style=\"color: #0F1729;\"> SAN AND TRADE LTD.<\/span>\n          <\/td>\n        <\/tr>\n        <tr>\n          <td class=\"corp-label\">Address<\/td>\n          <td class=\"corp-value\">Quasar Istanbul, Fulya Neighborhood, B\u00fcy\u00fckdere Street, No: 76<br>34394 Mecidiyek\u00f6y \/ \u015ei\u015fli \/ Istanbul<\/td>\n        <\/tr>\n         <tr>\n          <td class=\"corp-label\">Telephone<\/td>\n          <td class=\"corp-value\"><a href=\"tel:+905408908904\" style=\"text-decoration:none; color:#0F1729;\">+90 540 890 89 04<\/a><\/td>\n        <\/tr>\n        <tr>\n          <td class=\"corp-label\">Tax Office<\/td>\n          <td class=\"corp-value\">Mecidiyek\u00f6y<\/td>\n        <\/tr>\n        <tr>\n          <td class=\"corp-label\">Tax Number<\/td>\n          <td class=\"corp-value\">0911392167<\/td>\n        <\/tr>\n        <tr>\n          <td class=\"corp-label\">Mersis No<\/td>\n          <td class=\"corp-value\">0091139216700001<\/td>\n        <\/tr>\n        <tr>\n          <td class=\"corp-label\">Trade Registry Number<\/td>\n          <td class=\"corp-value\">1109774<\/td>\n        <\/tr>\n      <\/tbody>\n    <\/table>\n  <\/div>\n\n  <div class=\"bank-section-title\">2. Our Bank Account Numbers<\/div>\n  <p style=\"margin-bottom: 25px; font-size: 14px; color: #64748b;\">\n    Our company&#039;s official bank account details are below. Please make payments only to these accounts.\n  <\/p>\n\n  <div class=\"bank-grid\">\n    \n    <div class=\"bank-card\">\n      <div class=\"bank-header\" style=\"background-color: #009640 !important;\"> \n        <h4 class=\"bank-name\">GARANTI BBVA<\/h4>\n        <span class=\"bank-branch\">Mecidiyek\u00f6y Branch.<\/span>\n      <\/div>\n      <div class=\"bank-body\">\n        <div class=\"account-row\">\n          <span class=\"currency-badge\">\u20ba TURKISH LIRA (TL)<\/span>\n          <span class=\"iban-number\">TR15 0006 2000 7230 0006 2933 97<\/span>\n        <\/div>\n        <div class=\"account-row\">\n          <span class=\"currency-badge\">\u20ac EURO<\/span>\n          <span class=\"iban-number\">TR57 0006 2000 7230 0009 0307 57<\/span>\n        <\/div>\n      <\/div>\n    <\/div>\n\n    <div class=\"bank-card\">\n      <div class=\"bank-header\" style=\"background-color: #E30613 !important;\"> \n        <h4 class=\"bank-name\">Ziraat Bank<\/h4>\n        <span class=\"bank-branch\">Gayrettepe Branch.<\/span>\n      <\/div>\n      <div class=\"bank-body\">\n        <div class=\"account-row\">\n          <span class=\"currency-badge\">\u20ba TURKISH LIRA (TL)<\/span>\n          <span class=\"iban-number\">TR10 0001 0009 1598 1997 0450 01<\/span>\n        <\/div>\n        <div class=\"account-row\">\n          <span class=\"currency-badge\">\u20ac EURO<\/span>\n          <span class=\"iban-number\">TR80 0001 0009 1598 1997 0450 02<\/span>\n        <\/div>\n      <\/div>\n    <\/div>\n\n  <\/div>\n\n  <div class=\"notice-box\">\n    <div class=\"notice-icon\">\ud83d\udce7<\/div>\n    <div class=\"notice-content\">\n      <strong>RECEIPT NOTIFICATION<\/strong>\n      <span style=\"font-size:14px; color:#475569;\">After completing your payment, please send your receipt to our accounting department.<\/span>\n      <div style=\"margin-top:5px;\">\n        \ud83d\udc49 <a href=\"mailto:sales@astoryas.com\">sales@astoryas.com<\/a>\n      <\/div>\n    <\/div>\n  <\/div>\n\n<\/div>\t\t\t\t\t\t\t\t<\/div>\n\t\t\t\t\t<\/div>\n\t\t\t\t<\/div>\n\t\t\t\t<\/div>","protected":false},"excerpt":{"rendered":"<p>BANKA VE CAR\u0130 HESAP B\u0130LG\u0130LER\u0130 Son G\u00fcncelleme: 28.11.2023 A\u015fa\u011f\u0131da yer alan banka hesap numaralar\u0131m\u0131za yapaca\u011f\u0131n\u0131z \u00f6demelerde, a\u00e7\u0131klama k\u0131sm\u0131na Fatura Numaras\u0131 veya Firma \u00dcnvan\u0131n\u0131z\u0131 belirtmeniz, muhasebe s\u00fcre\u00e7lerinin h\u0131zlanmas\u0131 a\u00e7\u0131s\u0131ndan \u00f6nem arz etmektedir. 1. Fatura \/ Cari Bilgilerimiz Firma \u00dcnvan\u0131 ASTORYAS ROBOT TEKNOLOJ\u0130LER\u0130 SAN VE T\u0130C LTD \u015eT\u0130 Adres Quasar \u0130stanbul, Fulya Mah. B\u00fcy\u00fckdere Cad. No:7634394 Mecidiyek\u00f6y [&hellip;]<\/p>\n","protected":false},"author":1,"featured_media":0,"parent":0,"menu_order":0,"comment_status":"closed","ping_status":"closed","template":"","meta":{"footnotes":""},"class_list":["post-2157","page","type-page","status-publish","hentry"],"blocksy_meta":[],"_hostinger_reach_plugin_has_subscription_block":false,"_hostinger_reach_plugin_is_elementor":false,"_links":{"self":[{"href":"https:\/\/www.astoryas.com\/en\/wp-json\/wp\/v2\/pages\/2157","targetHints":{"allow":["GET"]}}],"collection":[{"href":"https:\/\/www.astoryas.com\/en\/wp-json\/wp\/v2\/pages"}],"about":[{"href":"https:\/\/www.astoryas.com\/en\/wp-json\/wp\/v2\/types\/page"}],"author":[{"embeddable":true,"href":"https:\/\/www.astoryas.com\/en\/wp-json\/wp\/v2\/users\/1"}],"replies":[{"embeddable":true,"href":"https:\/\/www.astoryas.com\/en\/wp-json\/wp\/v2\/comments?post=2157"}],"version-history":[{"count":17,"href":"https:\/\/www.astoryas.com\/en\/wp-json\/wp\/v2\/pages\/2157\/revisions"}],"predecessor-version":[{"id":3280,"href":"https:\/\/www.astoryas.com\/en\/wp-json\/wp\/v2\/pages\/2157\/revisions\/3280"}],"wp:attachment":[{"href":"https:\/\/www.astoryas.com\/en\/wp-json\/wp\/v2\/media?parent=2157"}],"curies":[{"name":"wp","href":"https:\/\/api.w.org\/{rel}","templated":true}]}}